{"id":1347,"date":"2025-05-28T19:12:21","date_gmt":"2025-05-28T19:12:21","guid":{"rendered":"https:\/\/beebad.ee\/muugikohad\/"},"modified":"2026-02-02T21:10:28","modified_gmt":"2026-02-02T21:10:28","slug":"muugikohad","status":"publish","type":"page","link":"https:\/\/beebad.ee\/et\/muugikohad\/","title":{"rendered":"M\u00fc\u00fcgikohad"},"content":{"rendered":"\t\t<div data-elementor-type=\"wp-page\" data-elementor-id=\"1347\" class=\"elementor elementor-1347 elementor-1033\" data-elementor-post-type=\"page\">\n\t\t\t\t<div class=\"elementor-element elementor-element-694d4212 e-con-full e-flex e-con e-parent\" data-id=\"694d4212\" data-element_type=\"container\" data-e-type=\"container\" data-settings=\"{&quot;background_background&quot;:&quot;classic&quot;}\">\n\t\t<div class=\"elementor-element elementor-element-6b22df37 e-con-full e-flex e-con e-child\" data-id=\"6b22df37\" data-element_type=\"container\" data-e-type=\"container\">\n\t\t\t\t<div class=\"elementor-element elementor-element-7a37a38e elementor-widget elementor-widget-heading\" data-id=\"7a37a38e\" data-element_type=\"widget\" data-e-type=\"widget\" data-widget_type=\"heading.default\">\n\t\t\t\t<div class=\"elementor-widget-container\">\n\t\t\t\t\t<h2 class=\"elementor-heading-title elementor-size-default\">Leia BEEBAD energiajook meie edasim\u00fc\u00fcjate abil<\/h2>\t\t\t\t<\/div>\n\t\t\t\t<\/div>\n\t\t\t\t<div class=\"elementor-element elementor-element-333faa2e elementor-widget elementor-widget-heading\" data-id=\"333faa2e\" data-element_type=\"widget\" data-e-type=\"widget\" data-widget_type=\"heading.default\">\n\t\t\t\t<div class=\"elementor-widget-container\">\n\t\t\t\t\t<h3 class=\"elementor-heading-title elementor-size-default\">T\u00e4nu meie v\u00e4\u00e4rtuslikele jaem\u00fc\u00fcgipartneritele on BEEBAD saadaval| \u00fcle Eesti. Alates suurtest toidukaupade<br>kettidest kuni spetsialiseeritud<br>joogipoodideni - meie jaotusv\u00f6rk kasvab<br>pidevalt. \n\nOleme alati avatud koost\u00f6\u00f6le uute edasim\u00fc\u00fcjatega, kes jagavad meie kirge loodusliku energia ja puhaste koostisosade vastu.<\/h3>\t\t\t\t<\/div>\n\t\t\t\t<\/div>\n\t\t\t\t<\/div>\n\t\t<div class=\"elementor-element elementor-element-646bdb4a e-con-full e-flex e-con e-child\" data-id=\"646bdb4a\" data-element_type=\"container\" data-e-type=\"container\">\n\t\t<div class=\"elementor-element elementor-element-3be39317 e-con-full e-flex e-con e-child\" data-id=\"3be39317\" data-element_type=\"container\" data-e-type=\"container\">\n\t\t\t\t<div class=\"elementor-element elementor-element-8931071 elementor-widget elementor-widget-image\" data-id=\"8931071\" data-element_type=\"widget\" data-e-type=\"widget\" data-widget_type=\"image.default\">\n\t\t\t\t<div class=\"elementor-widget-container\">\n\t\t\t\t\t\t\t\t\t\t\t\t\t\t\t<img decoding=\"async\" width=\"300\" height=\"108\" src=\"https:\/\/beebad.ee\/wp-content\/uploads\/2025\/05\/1559-6b8d0d2c2447277a0598e6cbff55c9e3.png\" class=\"attachment-large size-large wp-image-1348\" alt=\"\" \/>\t\t\t\t\t\t\t\t\t\t\t\t\t\t\t<\/div>\n\t\t\t\t<\/div>\n\t\t\t\t<\/div>\n\t\t<div class=\"elementor-element elementor-element-57d2ac42 e-con-full e-flex e-con e-child\" data-id=\"57d2ac42\" data-element_type=\"container\" data-e-type=\"container\">\n\t\t\t\t<div class=\"elementor-element elementor-element-216db8f6 elementor-widget elementor-widget-image\" data-id=\"216db8f6\" data-element_type=\"widget\" data-e-type=\"widget\" data-widget_type=\"image.default\">\n\t\t\t\t<div class=\"elementor-widget-container\">\n\t\t\t\t\t\t\t\t\t\t\t\t\t\t\t<img fetchpriority=\"high\" decoding=\"async\" width=\"800\" height=\"209\" src=\"https:\/\/beebad.ee\/wp-content\/uploads\/2025\/05\/coop-logo-1024x268.png\" class=\"attachment-large size-large wp-image-1349\" alt=\"\" srcset=\"https:\/\/beebad.ee\/wp-content\/uploads\/2025\/05\/coop-logo-1024x268.png 1024w, https:\/\/beebad.ee\/wp-content\/uploads\/2025\/05\/coop-logo-300x79.png 300w, https:\/\/beebad.ee\/wp-content\/uploads\/2025\/05\/coop-logo-768x201.png 768w, https:\/\/beebad.ee\/wp-content\/uploads\/2025\/05\/coop-logo-1536x403.png 1536w, https:\/\/beebad.ee\/wp-content\/uploads\/2025\/05\/coop-logo-2048x537.png 2048w, https:\/\/beebad.ee\/wp-content\/uploads\/2025\/05\/coop-logo-500x131.png 500w\" sizes=\"(max-width: 800px) 100vw, 800px\" \/>\t\t\t\t\t\t\t\t\t\t\t\t\t\t\t<\/div>\n\t\t\t\t<\/div>\n\t\t\t\t<\/div>\n\t\t<div class=\"elementor-element elementor-element-723eae5c e-con-full e-flex e-con e-child\" data-id=\"723eae5c\" data-element_type=\"container\" data-e-type=\"container\">\n\t\t\t\t<div class=\"elementor-element elementor-element-5b6c1227 elementor-widget elementor-widget-image\" data-id=\"5b6c1227\" data-element_type=\"widget\" data-e-type=\"widget\" data-widget_type=\"image.default\">\n\t\t\t\t<div class=\"elementor-widget-container\">\n\t\t\t\t\t\t\t\t\t\t\t\t\t\t\t<img decoding=\"async\" width=\"800\" height=\"273\" src=\"https:\/\/beebad.ee\/wp-content\/uploads\/2025\/05\/output-onlinepngtools-1024x350.png\" class=\"attachment-large size-large wp-image-1350\" alt=\"\" srcset=\"https:\/\/beebad.ee\/wp-content\/uploads\/2025\/05\/output-onlinepngtools-1024x350.png 1024w, https:\/\/beebad.ee\/wp-content\/uploads\/2025\/05\/output-onlinepngtools-300x103.png 300w, https:\/\/beebad.ee\/wp-content\/uploads\/2025\/05\/output-onlinepngtools-768x263.png 768w, https:\/\/beebad.ee\/wp-content\/uploads\/2025\/05\/output-onlinepngtools-1536x525.png 1536w, https:\/\/beebad.ee\/wp-content\/uploads\/2025\/05\/output-onlinepngtools-2048x701.png 2048w, https:\/\/beebad.ee\/wp-content\/uploads\/2025\/05\/output-onlinepngtools-500x171.png 500w\" sizes=\"(max-width: 800px) 100vw, 800px\" \/>\t\t\t\t\t\t\t\t\t\t\t\t\t\t\t<\/div>\n\t\t\t\t<\/div>\n\t\t\t\t<\/div>\n\t\t<div class=\"elementor-element elementor-element-29455907 e-con-full e-flex e-con e-child\" data-id=\"29455907\" data-element_type=\"container\" data-e-type=\"container\">\n\t\t\t\t<div class=\"elementor-element elementor-element-70eb3f0c elementor-widget elementor-widget-image\" data-id=\"70eb3f0c\" data-element_type=\"widget\" data-e-type=\"widget\" data-widget_type=\"image.default\">\n\t\t\t\t<div class=\"elementor-widget-container\">\n\t\t\t\t\t\t\t\t\t\t\t\t\t\t\t<img loading=\"lazy\" decoding=\"async\" width=\"800\" height=\"227\" src=\"https:\/\/beebad.ee\/wp-content\/uploads\/2025\/05\/Stockmann_logo.svg-1024x290.png\" class=\"attachment-large size-large wp-image-1353\" alt=\"\" srcset=\"https:\/\/beebad.ee\/wp-content\/uploads\/2025\/05\/Stockmann_logo.svg-1024x290.png 1024w, https:\/\/beebad.ee\/wp-content\/uploads\/2025\/05\/Stockmann_logo.svg-300x85.png 300w, https:\/\/beebad.ee\/wp-content\/uploads\/2025\/05\/Stockmann_logo.svg-768x218.png 768w, https:\/\/beebad.ee\/wp-content\/uploads\/2025\/05\/Stockmann_logo.svg-1536x435.png 1536w, https:\/\/beebad.ee\/wp-content\/uploads\/2025\/05\/Stockmann_logo.svg-2048x580.png 2048w, https:\/\/beebad.ee\/wp-content\/uploads\/2025\/05\/Stockmann_logo.svg-500x142.png 500w, https:\/\/beebad.ee\/wp-content\/uploads\/2025\/05\/Stockmann_logo.svg-350x100.png 350w\" sizes=\"(max-width: 800px) 100vw, 800px\" \/>\t\t\t\t\t\t\t\t\t\t\t\t\t\t\t<\/div>\n\t\t\t\t<\/div>\n\t\t\t\t<\/div>\n\t\t<div class=\"elementor-element elementor-element-66a9650 e-con-full e-flex e-con e-child\" data-id=\"66a9650\" data-element_type=\"container\" data-e-type=\"container\">\n\t\t\t\t<div class=\"elementor-element elementor-element-16688c2 elementor-widget elementor-widget-image\" data-id=\"16688c2\" data-element_type=\"widget\" data-e-type=\"widget\" data-widget_type=\"image.default\">\n\t\t\t\t<div class=\"elementor-widget-container\">\n\t\t\t\t\t\t\t\t\t\t\t\t\t\t\t<img loading=\"lazy\" decoding=\"async\" width=\"573\" height=\"260\" src=\"https:\/\/beebad.ee\/wp-content\/uploads\/2025\/05\/selver-logo.png\" class=\"attachment-large size-large wp-image-1354\" alt=\"\" srcset=\"https:\/\/beebad.ee\/wp-content\/uploads\/2025\/05\/selver-logo.png 573w, https:\/\/beebad.ee\/wp-content\/uploads\/2025\/05\/selver-logo-300x136.png 300w, https:\/\/beebad.ee\/wp-content\/uploads\/2025\/05\/selver-logo-500x227.png 500w\" sizes=\"(max-width: 573px) 100vw, 573px\" \/>\t\t\t\t\t\t\t\t\t\t\t\t\t\t\t<\/div>\n\t\t\t\t<\/div>\n\t\t\t\t<\/div>\n\t\t<div class=\"elementor-element elementor-element-5cfd952c e-con-full e-flex e-con e-child\" data-id=\"5cfd952c\" data-element_type=\"container\" data-e-type=\"container\">\n\t\t\t\t<div class=\"elementor-element elementor-element-794805b1 elementor-widget elementor-widget-image\" data-id=\"794805b1\" data-element_type=\"widget\" data-e-type=\"widget\" data-widget_type=\"image.default\">\n\t\t\t\t<div class=\"elementor-widget-container\">\n\t\t\t\t\t\t\t\t\t\t\t\t\t\t\t<img loading=\"lazy\" decoding=\"async\" width=\"800\" height=\"220\" src=\"https:\/\/beebad.ee\/wp-content\/uploads\/2025\/05\/City-Alko.webp\" class=\"attachment-large size-large wp-image-1352\" alt=\"\" srcset=\"https:\/\/beebad.ee\/wp-content\/uploads\/2025\/05\/City-Alko.webp 1000w, https:\/\/beebad.ee\/wp-content\/uploads\/2025\/05\/City-Alko-300x83.webp 300w, https:\/\/beebad.ee\/wp-content\/uploads\/2025\/05\/City-Alko-768x211.webp 768w, https:\/\/beebad.ee\/wp-content\/uploads\/2025\/05\/City-Alko-500x138.webp 500w\" sizes=\"(max-width: 800px) 100vw, 800px\" \/>\t\t\t\t\t\t\t\t\t\t\t\t\t\t\t<\/div>\n\t\t\t\t<\/div>\n\t\t\t\t<\/div>\n\t\t<div class=\"elementor-element elementor-element-b82d645 e-con-full e-flex e-con e-child\" data-id=\"b82d645\" data-element_type=\"container\" data-e-type=\"container\">\n\t\t\t\t<div class=\"elementor-element elementor-element-7494b8fa elementor-widget elementor-widget-image\" data-id=\"7494b8fa\" data-element_type=\"widget\" data-e-type=\"widget\" data-widget_type=\"image.default\">\n\t\t\t\t<div class=\"elementor-widget-container\">\n\t\t\t\t\t\t\t\t\t\t\t\t\t\t\t<img loading=\"lazy\" decoding=\"async\" width=\"225\" height=\"225\" src=\"https:\/\/beebad.ee\/wp-content\/uploads\/2025\/07\/images.png\" class=\"attachment-large size-large wp-image-1358\" alt=\"\" srcset=\"https:\/\/beebad.ee\/wp-content\/uploads\/2025\/07\/images.png 225w, https:\/\/beebad.ee\/wp-content\/uploads\/2025\/07\/images-150x150.png 150w, https:\/\/beebad.ee\/wp-content\/uploads\/2025\/07\/images-100x100.png 100w, https:\/\/beebad.ee\/wp-content\/uploads\/2025\/07\/images-50x50.png 50w\" sizes=\"(max-width: 225px) 100vw, 225px\" \/>\t\t\t\t\t\t\t\t\t\t\t\t\t\t\t<\/div>\n\t\t\t\t<\/div>\n\t\t\t\t<\/div>\n\t\t<div class=\"elementor-element elementor-element-94c222d e-con-full e-flex e-con e-child\" data-id=\"94c222d\" data-element_type=\"container\" data-e-type=\"container\">\n\t\t\t\t<div class=\"elementor-element elementor-element-47fb4ff elementor-widget elementor-widget-image\" data-id=\"47fb4ff\" data-element_type=\"widget\" data-e-type=\"widget\" data-widget_type=\"image.default\">\n\t\t\t\t<div class=\"elementor-widget-container\">\n\t\t\t\t\t\t\t\t\t\t\t\t\t\t\t<img loading=\"lazy\" decoding=\"async\" width=\"171\" height=\"167\" src=\"https:\/\/beebad.ee\/wp-content\/uploads\/2025\/05\/am-logo.jpg\" class=\"attachment-large size-large wp-image-1355\" alt=\"\" srcset=\"https:\/\/beebad.ee\/wp-content\/uploads\/2025\/05\/am-logo.jpg 171w, https:\/\/beebad.ee\/wp-content\/uploads\/2025\/05\/am-logo-50x50.jpg 50w\" sizes=\"(max-width: 171px) 100vw, 171px\" \/>\t\t\t\t\t\t\t\t\t\t\t\t\t\t\t<\/div>\n\t\t\t\t<\/div>\n\t\t\t\t<\/div>\n\t\t<div class=\"elementor-element elementor-element-72ab31f e-con-full e-flex e-con e-child\" data-id=\"72ab31f\" data-element_type=\"container\" data-e-type=\"container\">\n\t\t\t\t<div class=\"elementor-element elementor-element-03f4135 elementor-widget elementor-widget-image\" data-id=\"03f4135\" data-element_type=\"widget\" data-e-type=\"widget\" data-widget_type=\"image.default\">\n\t\t\t\t<div class=\"elementor-widget-container\">\n\t\t\t\t\t\t\t\t\t\t\t\t\t\t\t<img loading=\"lazy\" decoding=\"async\" width=\"787\" height=\"321\" src=\"https:\/\/beebad.ee\/wp-content\/uploads\/2025\/06\/a1000_logo.png\" class=\"attachment-large size-large wp-image-1356\" alt=\"\" srcset=\"https:\/\/beebad.ee\/wp-content\/uploads\/2025\/06\/a1000_logo.png 787w, https:\/\/beebad.ee\/wp-content\/uploads\/2025\/06\/a1000_logo-300x122.png 300w, https:\/\/beebad.ee\/wp-content\/uploads\/2025\/06\/a1000_logo-768x313.png 768w, https:\/\/beebad.ee\/wp-content\/uploads\/2025\/06\/a1000_logo-500x204.png 500w\" sizes=\"(max-width: 787px) 100vw, 787px\" \/>\t\t\t\t\t\t\t\t\t\t\t\t\t\t\t<\/div>\n\t\t\t\t<\/div>\n\t\t\t\t<\/div>\n\t\t<div class=\"elementor-element elementor-element-c672c4b e-con-full e-flex e-con e-child\" data-id=\"c672c4b\" data-element_type=\"container\" data-e-type=\"container\">\n\t\t\t\t<div class=\"elementor-element elementor-element-bb16cdd elementor-widget elementor-widget-image\" data-id=\"bb16cdd\" data-element_type=\"widget\" data-e-type=\"widget\" data-widget_type=\"image.default\">\n\t\t\t\t<div class=\"elementor-widget-container\">\n\t\t\t\t\t\t\t\t\t\t\t\t\t\t\t<img loading=\"lazy\" decoding=\"async\" width=\"437\" height=\"150\" src=\"https:\/\/beebad.ee\/wp-content\/uploads\/2025\/06\/Rimi_Baltic_Logo.png\" class=\"attachment-large size-large wp-image-1357\" alt=\"\" srcset=\"https:\/\/beebad.ee\/wp-content\/uploads\/2025\/06\/Rimi_Baltic_Logo.png 437w, https:\/\/beebad.ee\/wp-content\/uploads\/2025\/06\/Rimi_Baltic_Logo-300x103.png 300w\" sizes=\"(max-width: 437px) 100vw, 437px\" \/>\t\t\t\t\t\t\t\t\t\t\t\t\t\t\t<\/div>\n\t\t\t\t<\/div>\n\t\t\t\t<\/div>\n\t\t\t\t<\/div>\n\t\t\t\t<\/div>\n\t\t\t\t<\/div>\n\t\t","protected":false},"excerpt":{"rendered":"<p>Leia BEEBAD energiajook meie edasim\u00fc\u00fcjate abil T\u00e4nu meie v\u00e4\u00e4rtuslikele jaem\u00fc\u00fcgipartneritele on BEEBAD saadaval| \u00fcle Eesti. Alates suurtest toidukaupadekettidest kuni spetsialiseeritudjoogipoodideni &#8211; meie jaotusv\u00f6rk kasvabpidevalt. Oleme alati avatud koost\u00f6\u00f6le uute edasim\u00fc\u00fcjatega, kes jagavad meie kirge loodusliku energia ja puhaste koostisosade vastu.<\/p>\n","protected":false},"author":1,"featured_media":0,"parent":0,"menu_order":0,"comment_status":"closed","ping_status":"closed","template":"","meta":{"footnotes":""},"class_list":["post-1347","page","type-page","status-publish","hentry"],"_links":{"self":[{"href":"https:\/\/beebad.ee\/et\/wp-json\/wp\/v2\/pages\/1347","targetHints":{"allow":["GET"]}}],"collection":[{"href":"https:\/\/beebad.ee\/et\/wp-json\/wp\/v2\/pages"}],"about":[{"href":"https:\/\/beebad.ee\/et\/wp-json\/wp\/v2\/types\/page"}],"author":[{"embeddable":true,"href":"https:\/\/beebad.ee\/et\/wp-json\/wp\/v2\/users\/1"}],"replies":[{"embeddable":true,"href":"https:\/\/beebad.ee\/et\/wp-json\/wp\/v2\/comments?post=1347"}],"version-history":[{"count":1,"href":"https:\/\/beebad.ee\/et\/wp-json\/wp\/v2\/pages\/1347\/revisions"}],"predecessor-version":[{"id":1359,"href":"https:\/\/beebad.ee\/et\/wp-json\/wp\/v2\/pages\/1347\/revisions\/1359"}],"wp:attachment":[{"href":"https:\/\/beebad.ee\/et\/wp-json\/wp\/v2\/media?parent=1347"}],"curies":[{"name":"wp","href":"https:\/\/api.w.org\/{rel}","templated":true}]}}