{"id":1418,"date":"2025-07-21T14:12:24","date_gmt":"2025-07-21T14:12:24","guid":{"rendered":"https:\/\/beebad.ee\/product\/cisk-lager-beer-42-abv-24x33cl\/"},"modified":"2026-02-13T08:18:32","modified_gmt":"2026-02-13T08:18:32","slug":"cisk-lager-beer-42-abv-24x33cl","status":"publish","type":"product","link":"https:\/\/beebad.ee\/et\/toode\/cisk-lager-beer-42-abv-24x33cl\/","title":{"rendered":"CISK LAGER \u00d5LU 4,2% ABV 24x33CL"},"content":{"rendered":"<p data-start=\"193\" data-end=\"327\">Cisk Lager on t\u00f5eliselt ikooniline Vahemere \u00f5lu, mis on koheselt \u00e4ratuntav oma eksimatult kuldse v\u00e4rvuse ja v\u00e4rskendava, tasakaalustatud maitse poolest.<\/p>\n<p data-start=\"329\" data-end=\"463\">Baieri traditsioonide j\u00e4rgi pruulitud Cisk on uhke 97-aastase ajalooga ning tuntud oma rikkaliku humala aroomi ja ainulaadselt maheda maitse poolest.<\/p>\n<p data-start=\"465\" data-end=\"605\">4,2% alkoholisisaldusega on see klassikaline laagri\u00f5lu, mis meeldib enamikule \u00f5lles\u00f5pradele laagrikesksetel turgudel \u00fcle maailma.<\/p>\n<p data-start=\"607\" data-end=\"730\">Cisk Lager on p\u00e4lvinud \u00fclemaailmse tunnustuse, v\u00f5ites arvukalt rahvusvahelisi kvaliteediauhindu \u2013 see on tunnistus ettev\u00f5tte j\u00e4rjepidevast tipptasemest.<\/p>\n<p data-start=\"732\" data-end=\"813\">K\u00f5ige t\u00e4htsam on see, et Cisk on ehtne Malta \u00f5lu. \u00dckski teine br\u00e4nd ei saa seda enda kohta \u00f6elda.<\/p>\n<div class=\"ingredients-wrapper\">\n<div class=\"text-14\"><strong>KOOSTISOSAD: <\/strong><\/div>\n<div class=\"text-20\">Vesi, linnaseoder, linnastamata teraviljad, humal, p\u00e4rm.<\/div>\n<\/div>\n<div class=\"ingredients-wrapper\">\n<div class=\"text-14\"><strong>ALLERGEENID:<\/strong><\/div>\n<div class=\"text-20\">Oder<\/div>\n<div><strong>TOOTEINFO:<\/strong><\/div>\n<div>ABV: 4,2%<\/div>\n<div>PLATO: 10,5<\/div>\n<div>IBU: 26<\/div>\n<div>\n<div><strong>TOITEV\u00c4\u00c4RTUS 100ml:<\/strong><\/div>\n<div>\n<div class=\"nutrition-item\">\n<div class=\"text-16\">Energia: 152 kJ, 36 kcal<\/div>\n<\/div>\n<div class=\"nutrition-item\">\n<div class=\"text-16\">Proteiin: 0.3 g<\/div>\n<\/div>\n<div class=\"nutrition-item\">\n<div class=\"text-16\">S\u00fcsivesikud: 2.4 g millest suhkrud 0.0 g<\/div>\n<\/div>\n<div class=\"nutrition-item\">\n<div class=\"text-16\">Rasv: 0.0 g millest k\u00fcllastunud rasv 0.0 g<\/div>\n<\/div>\n<div class=\"nutrition-item\">\n<div class=\"text-16\">Soolt: 0.01 g<\/div>\n<\/div>\n<\/div>\n<\/div>\n<\/div>\n","protected":false},"excerpt":{"rendered":"<p data-start=\"193\" data-end=\"327\">Cisk Lager on t\u00f5eliselt ikooniline Vahemere \u00f5lu, mis on koheselt \u00e4ratuntav oma eksimatult kuldse v\u00e4rvuse ja v\u00e4rskendava, tasakaalustatud maitse poolest.<\/p>\n<p data-start=\"329\" data-end=\"463\">Baieri traditsioonide j\u00e4rgi pruulitud Cisk on uhke 97-aastase ajalooga ning tuntud oma rikkaliku humala aroomi ja ainulaadselt maheda maitse poolest.<\/p>\n<p data-start=\"465\" data-end=\"605\">4,2% alkoholisisaldusega on see klassikaline laagri\u00f5lu, mis meeldib enamikule \u00f5lles\u00f5pradele laagrikesksetel turgudel \u00fcle maailma.<\/p>\n<p data-start=\"607\" data-end=\"730\">Cisk Lager on p\u00e4lvinud \u00fclemaailmse tunnustuse, v\u00f5ites arvukalt rahvusvahelisi kvaliteediauhindu \u2013 see on tunnistus ettev\u00f5tte j\u00e4rjepidevast tipptasemest.<\/p>\n<p data-start=\"732\" data-end=\"813\">K\u00f5ige t\u00e4htsam on see, et Cisk on ehtne Malta \u00f5lu. \u00dckski teine br\u00e4nd ei saa seda enda kohta \u00f6elda.<\/p>\n","protected":false},"featured_media":1417,"comment_status":"open","ping_status":"closed","template":"","meta":[],"product_brand":[],"product_cat":[61],"product_tag":[],"class_list":{"0":"post-1418","1":"product","2":"type-product","3":"status-publish","4":"has-post-thumbnail","6":"product_cat-cisk","8":"first","9":"instock","10":"taxable","11":"shipping-taxable","12":"purchasable","13":"product-type-simple"},"_links":{"self":[{"href":"https:\/\/beebad.ee\/et\/wp-json\/wp\/v2\/product\/1418","targetHints":{"allow":["GET"]}}],"collection":[{"href":"https:\/\/beebad.ee\/et\/wp-json\/wp\/v2\/product"}],"about":[{"href":"https:\/\/beebad.ee\/et\/wp-json\/wp\/v2\/types\/product"}],"replies":[{"embeddable":true,"href":"https:\/\/beebad.ee\/et\/wp-json\/wp\/v2\/comments?post=1418"}],"wp:featuredmedia":[{"embeddable":true,"href":"https:\/\/beebad.ee\/et\/wp-json\/wp\/v2\/media\/1417"}],"wp:attachment":[{"href":"https:\/\/beebad.ee\/et\/wp-json\/wp\/v2\/media?parent=1418"}],"wp:term":[{"taxonomy":"product_brand","embeddable":true,"href":"https:\/\/beebad.ee\/et\/wp-json\/wp\/v2\/product_brand?post=1418"},{"taxonomy":"product_cat","embeddable":true,"href":"https:\/\/beebad.ee\/et\/wp-json\/wp\/v2\/product_cat?post=1418"},{"taxonomy":"product_tag","embeddable":true,"href":"https:\/\/beebad.ee\/et\/wp-json\/wp\/v2\/product_tag?post=1418"}],"curies":[{"name":"wp","href":"https:\/\/api.w.org\/{rel}","templated":true}]}}