{"id":1476,"date":"2025-10-03T20:13:46","date_gmt":"2025-10-03T20:13:46","guid":{"rendered":"https:\/\/beebad.ee\/product\/cisk-excel-vahese-kalorisisaldusega-olu-42-abv-24x33-cl\/"},"modified":"2025-10-03T20:13:46","modified_gmt":"2025-10-03T20:13:46","slug":"cisk-excel-vahese-kalorisisaldusega-olu-42-abv-24x33-cl","status":"publish","type":"product","link":"https:\/\/beebad.ee\/et\/toode\/cisk-excel-vahese-kalorisisaldusega-olu-42-abv-24x33-cl\/","title":{"rendered":"CISK Excel v\u00e4hese kalorisisaldusega \u00f5lu 4,2% ABV 24&#215;33 cl"},"content":{"rendered":"<p>Cisk Exceli v\u00e4hese kalorisisaldusega laager-\u00f5lu s\u00e4ilitab algup\u00e4rase Cisk Lageri maitse ja alkoholisisalduse, kuid sisaldab 50% v\u00e4hem s\u00fcsivesikuid. Cisk Excel on \u00f5rn p\u00f5hjak\u00e4\u00e4ritusega \u00f5lu, mis on selge ja kuldse v\u00e4limusega. <\/p>\n<div>\n<div class=\"text-14\"><strong>TOOTEINFO:<\/strong><\/div>\n<div class=\"text-20\">T\u00fc\u00fcp: v\u00e4hese s\u00fcsivesikusisaldusega laager-\u00f5lu<\/div>\n<div>PLATO: 8,4<\/div>\n<div>ABV: 4,2%<\/div>\n<div>IBU: 18<\/div>\n<\/div>\n<div class=\"text-14\"><strong>KOOSTISOSAD: <\/strong><\/div>\n<div class=\"text-20\">Vesi, odralinnased, humalad, p\u00e4rm.<\/div>\n<div><strong>ALLERGEENID:<\/strong><\/div>\n<div>Oder<\/div>\n<div><strong>TOITEV\u00c4\u00c4RTUS 100ml:<\/strong><\/div>\n<div>\n<div class=\"nutrition-item\">\n<div class=\"text-16\">Energiasisaldus: 123 kJ, 29 kcal<\/div>\n<\/div>\n<div class=\"nutrition-item\">\n<div class=\"text-16\">Valgud: 0,4 g<\/div>\n<\/div>\n<div class=\"nutrition-item\">\n<div class=\"text-16\">S\u00fcsivesikud: 1,5 g, millest suhkruid 0,7 g<\/div>\n<\/div>\n<div class=\"nutrition-item\">\n<div class=\"text-16\">Rasv: 0.0 g millest k\u00fcllastunud rasv 0.0 g<\/div>\n<\/div>\n<div class=\"nutrition-item\">\n<div class=\"text-16\">Soolt: 0.01 g<\/div>\n<\/div>\n<\/div>\n","protected":false},"excerpt":{"rendered":"<p>Cisk Exceli v\u00e4hese kalorisisaldusega laager-\u00f5lu s\u00e4ilitab algup\u00e4rase Cisk Lageri maitse ja alkoholisisalduse, kuid sisaldab 50% v\u00e4hem s\u00fcsivesikuid. Cisk Excel on \u00f5rn p\u00f5hjak\u00e4\u00e4ritusega \u00f5lu, mis on selge ja kuldse v\u00e4limusega. TOOTEINFO: T\u00fc\u00fcp: v\u00e4hese s\u00fcsivesikusisaldusega laager-\u00f5lu PLATO: 8,4 ABV: 4,2% IBU: 18 KOOSTISOSAD: Vesi, odralinnased, humalad, p\u00e4rm. ALLERGEENID: Oder TOITEV\u00c4\u00c4RTUS 100ml: Energiasisaldus: 123 kJ, 29 kcal Valgud: [&hellip;]<\/p>\n","protected":false},"featured_media":1475,"comment_status":"open","ping_status":"closed","template":"","meta":[],"product_brand":[],"product_cat":[61],"product_tag":[],"class_list":{"0":"post-1476","1":"product","2":"type-product","3":"status-publish","4":"has-post-thumbnail","6":"product_cat-cisk","8":"first","9":"instock","10":"taxable","11":"shipping-taxable","12":"purchasable","13":"product-type-simple"},"_links":{"self":[{"href":"https:\/\/beebad.ee\/et\/wp-json\/wp\/v2\/product\/1476","targetHints":{"allow":["GET"]}}],"collection":[{"href":"https:\/\/beebad.ee\/et\/wp-json\/wp\/v2\/product"}],"about":[{"href":"https:\/\/beebad.ee\/et\/wp-json\/wp\/v2\/types\/product"}],"replies":[{"embeddable":true,"href":"https:\/\/beebad.ee\/et\/wp-json\/wp\/v2\/comments?post=1476"}],"wp:featuredmedia":[{"embeddable":true,"href":"https:\/\/beebad.ee\/et\/wp-json\/wp\/v2\/media\/1475"}],"wp:attachment":[{"href":"https:\/\/beebad.ee\/et\/wp-json\/wp\/v2\/media?parent=1476"}],"wp:term":[{"taxonomy":"product_brand","embeddable":true,"href":"https:\/\/beebad.ee\/et\/wp-json\/wp\/v2\/product_brand?post=1476"},{"taxonomy":"product_cat","embeddable":true,"href":"https:\/\/beebad.ee\/et\/wp-json\/wp\/v2\/product_cat?post=1476"},{"taxonomy":"product_tag","embeddable":true,"href":"https:\/\/beebad.ee\/et\/wp-json\/wp\/v2\/product_tag?post=1476"}],"curies":[{"name":"wp","href":"https:\/\/api.w.org\/{rel}","templated":true}]}}