{"id":1543,"date":"2025-03-06T16:43:14","date_gmt":"2025-03-06T16:43:14","guid":{"rendered":"https:\/\/beebad.ee\/tietosuojakaytanto\/"},"modified":"2026-03-04T12:11:27","modified_gmt":"2026-03-04T12:11:27","slug":"tietosuojakaytanto","status":"publish","type":"page","link":"https:\/\/beebad.ee\/fi\/tietosuojakaytanto\/","title":{"rendered":"Tietosuojak\u00e4yt\u00e4nt\u00f6"},"content":{"rendered":"\t\t<div data-elementor-type=\"wp-page\" data-elementor-id=\"1543\" class=\"elementor elementor-1543 elementor-3\" data-elementor-post-type=\"page\">\n\t\t\t\t<div class=\"elementor-element elementor-element-5483da24 e-flex e-con-boxed e-con e-parent\" data-id=\"5483da24\" data-element_type=\"container\" data-e-type=\"container\">\n\t\t\t\t\t<div class=\"e-con-inner\">\n\t\t\t\t<div class=\"elementor-element elementor-element-40f5473 elementor-widget elementor-widget-heading\" data-id=\"40f5473\" data-element_type=\"widget\" data-e-type=\"widget\" data-widget_type=\"heading.default\">\n\t\t\t\t<div class=\"elementor-widget-container\">\n\t\t\t\t\t<h2 class=\"elementor-heading-title elementor-size-default\">Tietosuojak\u00e4yt\u00e4nt\u00f6<\/h2>\t\t\t\t<\/div>\n\t\t\t\t<\/div>\n\t\t\t\t<div class=\"elementor-element elementor-element-3e3db7a elementor-widget elementor-widget-heading\" data-id=\"3e3db7a\" data-element_type=\"widget\" data-e-type=\"widget\" data-widget_type=\"heading.default\">\n\t\t\t\t<div class=\"elementor-widget-container\">\n\t\t\t\t\t<h2 class=\"elementor-heading-title elementor-size-default\">HENKIL\u00d6TIETOJEN K\u00c4SITTELY<\/h2>\t\t\t\t<\/div>\n\t\t\t\t<\/div>\n\t\t\t\t<div class=\"elementor-element elementor-element-5c7d0b4 elementor-widget elementor-widget-text-editor\" data-id=\"5c7d0b4\" data-element_type=\"widget\" data-e-type=\"widget\" data-widget_type=\"text-editor.default\">\n\t\t\t\t<div class=\"elementor-widget-container\">\n\t\t\t\t\t\t\t\t\t<p class=\"\" data-start=\"89\" data-end=\"268\">Verkkokaupan <a class=\"\" href=\"http:\/\/www.beebad.ee\" target=\"_new\" rel=\"noopener\" data-start=\"129\" data-end=\"142\">www.beebad.ee <\/a>rekisterinpit\u00e4j\u00e4 on Carotenoid O\u00dc (rekisterikoodi 10810444), osoite: J\u00f5e\u00e4\u00e4re tee 22, Harjumaa, puhelin: +372 5036996, s\u00e4hk\u00f6posti:<a rel=\"noopener\" data-start=\"249\" data-end=\"267\"> baltics@beebad.com<\/a>.<\/p>\n<p class=\"\" data-start=\"270\" data-end=\"304\"><strong data-start=\"270\" data-end=\"304\">K\u00e4sitelt\u00e4v\u00e4t henkil\u00f6tiedot:<\/strong><\/p>\n<p class=\"\" data-start=\"306\" data-end=\"487\">\u2212 Nimi, puhelinnumero ja s\u00e4hk\u00f6postiosoite<br data-start=\"345\" data-end=\"348\">\u2212 Toimitusosoite<br data-start=\"366\" data-end=\"369\">\u2212 Pankkitilin numero<br data-start=\"390\" data-end=\"393\">\u2212 Ostoksiin ja maksuihin liittyv\u00e4t tiedot (ostohistoria)<br data-start=\"459\" data-end=\"462\">\u2212 Asiakastukitiedot<\/p>\n<p class=\"\" data-start=\"489\" data-end=\"529\"><strong data-start=\"489\" data-end=\"529\">Henkil\u00f6tietojen k\u00e4sittelyn tarkoitus:<\/strong><\/p>\n<p class=\"\" data-start=\"531\" data-end=\"597\">Henkil\u00f6tietoja k\u00e4ytet\u00e4\u00e4n asiakastilausten hallintaan ja tavaroiden toimittamiseen.<\/p>\n<p class=\"\" data-start=\"599\" data-end=\"774\">Ostohistoriatietoja (ostop\u00e4iv\u00e4m\u00e4\u00e4r\u00e4, tuote, m\u00e4\u00e4r\u00e4, asiakastiedot) k\u00e4ytet\u00e4\u00e4n ostettujen tavaroiden ja palveluiden yhteenvedon luomiseen sek\u00e4 asiakasmieltymysten analysointiin.<\/p>\n<p class=\"\" data-start=\"776\" data-end=\"836\">Pankkitilin numeroita k\u00e4ytet\u00e4\u00e4n hyvitysten my\u00f6nt\u00e4miseen asiakkaille.<\/p>\n<p class=\"\" data-start=\"838\" data-end=\"1187\">Henkil\u00f6tietoja, kuten s\u00e4hk\u00f6postiosoitetta, puhelinnumeroa ja asiakkaan nime\u00e4, k\u00e4ytet\u00e4\u00e4n tavaroiden ja palveluiden toimittamiseen liittyvien ongelmien ratkaisemiseen (asiakastuki).<br data-start=\"992\" data-end=\"995\">Verkkokaupan k\u00e4ytt\u00e4j\u00e4n IP-osoitetta tai muita verkkotunnisteita k\u00e4sitell\u00e4\u00e4n verkkokaupan tarjoamiseksi tietoyhteiskunnan palveluna sek\u00e4 verkon k\u00e4ytt\u00f6tilastojen ker\u00e4\u00e4miseksi.<\/p>\n<p class=\"\" data-start=\"1189\" data-end=\"1205\"><strong data-start=\"1189\" data-end=\"1205\">Oikeusperusta:<\/strong><\/p>\n<p class=\"\" data-start=\"1207\" data-end=\"1286\">Henkil\u00f6tietoja k\u00e4sitell\u00e4\u00e4n asiakkaan kanssa tehdyn sopimuksen t\u00e4ytt\u00e4miseksi.<\/p>\n<p class=\"\" data-start=\"1288\" data-end=\"1407\">Henkil\u00f6tietoja k\u00e4sitell\u00e4\u00e4n lakis\u00e4\u00e4teisten velvoitteiden t\u00e4ytt\u00e4miseksi (esim. kirjanpito ja kuluttajariitojen ratkaiseminen).<\/p>\n<p class=\"\" data-start=\"1409\" data-end=\"1459\"><strong data-start=\"1409\" data-end=\"1459\">Vastaanottajat, joille henkil\u00f6tietoja luovutetaan:<\/strong><\/p>\n<p class=\"\" data-start=\"1461\" data-end=\"1610\">Henkil\u00f6tietoja jaetaan verkkokaupan asiakastuelle ostosten ja ostohistorian hallintaa sek\u00e4 asiakasongelmien ratkaisemista varten.<\/p>\n<p class=\"\" data-start=\"1612\" data-end=\"1800\">Nimi, puhelinnumero ja s\u00e4hk\u00f6postiosoite jaetaan asiakkaan valitsemalle kuljetuspalvelun tarjoajalle. Jos toimitus tapahtuu kuriirilla, asiakkaan osoite jaetaan my\u00f6s. <\/p>\n<p class=\"\" data-start=\"1802\" data-end=\"2074\">Jos kaupan kirjanpito on palveluntarjoajan hoidossa, henkil\u00f6tiedot siirret\u00e4\u00e4n palveluntarjoajalle kirjanpitotarkoituksia varten. Henkil\u00f6tietoja voidaan my\u00f6s luovuttaa IT-palveluntarjoajille, jos se on tarpeen verkkokaupan toiminnan tai tietojen is\u00e4nn\u00f6innin kannalta. <\/p>\n<p class=\"\" data-start=\"2076\" data-end=\"2108\"><strong data-start=\"2076\" data-end=\"2108\">Tietoturva ja p\u00e4\u00e4sy tietoihin:<\/strong><\/p>\n<p class=\"\" data-start=\"2110\" data-end=\"2446\">Henkil\u00f6tiedot tallennetaan zone.ee:n is\u00e4nn\u00f6imille palvelimille, jotka sijaitsevat EU:n j\u00e4senvaltioiden tai Euroopan talousalueen maiden alueella. Tietoja voidaan siirt\u00e4\u00e4 maihin, joiden Euroopan komissio on katsonut tarjoavan riitt\u00e4v\u00e4n tietosuojan tason, sek\u00e4 Privacy Shield -kehyksen piiriin kuuluville yhdysvaltalaisille yrityksille. <\/p>\n<p class=\"\" data-start=\"2448\" data-end=\"2639\">Henkil\u00f6tietoihin p\u00e4\u00e4sy my\u00f6nnet\u00e4\u00e4n verkkokaupan ty\u00f6ntekij\u00f6ille, jotka voivat k\u00e4ytt\u00e4\u00e4 tietoja verkkokaupan k\u00e4ytt\u00f6\u00f6n liittyvien teknisten ongelmien ratkaisemiseen ja asiakastuen tarjoamiseen.<\/p>\n<p class=\"\" data-start=\"2641\" data-end=\"2851\">Verkkokauppa toteuttaa asianmukaisia fyysisi\u00e4, organisatorisia ja tietoteknisi\u00e4 turvatoimia henkil\u00f6tietojen suojaamiseksi vahingossa tapahtuvalta tai laittomalta tuhoamiselta, h\u00e4vi\u00e4miselt\u00e4, muuttamiselta, luvattomalta k\u00e4yt\u00f6lt\u00e4 tai luovuttamiselta.<\/p>\n<p class=\"\" data-start=\"2853\" data-end=\"3132\">Henkil\u00f6tietojen siirrot valtuutetuille k\u00e4sittelij\u00f6ille (esim. kuljetuspalvelun tarjoajille ja tietojen is\u00e4nn\u00f6intipalveluille) perustuvat verkkokaupan ja n\u00e4iden k\u00e4sittelij\u00f6iden v\u00e4lisiin sopimuksiin. K\u00e4sittelij\u00f6iden on varmistettava asianmukaiset tietosuojatoimenpiteet henkil\u00f6tietoja k\u00e4sitelless\u00e4\u00e4n. <\/p>\n<p class=\"\" data-start=\"3134\" data-end=\"3177\"><strong data-start=\"3134\" data-end=\"3177\">Henkil\u00f6tietojen k\u00e4ytt\u00f6 ja korjaaminen:<\/strong><\/p>\n<p class=\"\" data-start=\"3179\" data-end=\"3373\">Henkil\u00f6tietoja voi tarkastella ja muokata verkkokaupan k\u00e4ytt\u00e4j\u00e4profiilin kautta. Jos ostos tehtiin ilman k\u00e4ytt\u00e4j\u00e4tilin luomista, henkil\u00f6tietoihin p\u00e4\u00e4see k\u00e4siksi asiakastuen kautta. <\/p>\n<p class=\"\" data-start=\"3375\" data-end=\"3401\"><strong data-start=\"3375\" data-end=\"3401\">Suostumuksen peruuttaminen:<\/strong><\/p>\n<p class=\"\" data-start=\"3403\" data-end=\"3540\">Jos tietojen k\u00e4sittely perustuu asiakkaan suostumukseen, asiakkaalla on oikeus peruuttaa suostumus ottamalla yhteytt\u00e4 asiakastukeen s\u00e4hk\u00f6postitse.<\/p>\n<p class=\"\" data-start=\"3542\" data-end=\"3556\"><strong data-start=\"3542\" data-end=\"3556\">S\u00e4ilytys:<\/strong><\/p>\n<p class=\"\" data-start=\"3558\" data-end=\"3705\">Asiakastilin sulkemisen yhteydess\u00e4 henkil\u00f6tiedot poistetaan, ellei kyseisi\u00e4 tietoja ole s\u00e4ilytett\u00e4v\u00e4 kirjanpito- tai kuluttajariitojen ratkaisutarkoituksia varten.<\/p>\n<p class=\"\" data-start=\"3707\" data-end=\"3803\">Jos ostos tehtiin ilman k\u00e4ytt\u00e4j\u00e4tili\u00e4, ostohistoria s\u00e4ilytet\u00e4\u00e4n kolmen vuoden ajan.<\/p>\n<p class=\"\" data-start=\"3805\" data-end=\"3958\">Maksuihin tai kuluttaja-asioihin liittyvien riitojen sattuessa henkil\u00f6tietoja s\u00e4ilytet\u00e4\u00e4n, kunnes vaatimus on t\u00e4ytetty tai vanhentumisaika on kulunut umpeen.<\/p>\n<p class=\"\" data-start=\"3960\" data-end=\"4035\">Kirjanpitotarkoituksiin tarvittavia henkil\u00f6tietoja s\u00e4ilytet\u00e4\u00e4n seitsem\u00e4n vuoden ajan.<\/p>\n<p class=\"\" data-start=\"4037\" data-end=\"4050\"><strong data-start=\"4037\" data-end=\"4050\">Poistaminen:<\/strong><\/p>\n<p class=\"\" data-start=\"4052\" data-end=\"4238\">Henkil\u00f6tietojen poistamista varten ottakaa yhteytt\u00e4 asiakastukeen s\u00e4hk\u00f6postitse. Pyynt\u00f6ihin vastataan kuukauden kuluessa, ja vastauksessa selvitet\u00e4\u00e4n tietojen poistamisaikataulu. <\/p>\n<p class=\"\" data-start=\"4240\" data-end=\"4261\"><strong data-start=\"4240\" data-end=\"4261\">Tietojen siirrett\u00e4vyys:<\/strong><\/p>\n<p class=\"\" data-start=\"4263\" data-end=\"4347\">S\u00e4hk\u00f6postitse l\u00e4hetettyihin tietojen siirrett\u00e4vyytt\u00e4 koskeviin pyynt\u00f6ihin vastataan kuukauden kuluessa.<\/p>\n<p class=\"\" data-start=\"4349\" data-end=\"4451\">Asiakastuki tarkistaa henkil\u00f6llisyyden ja ilmoittaa asiakkaalle, mitk\u00e4 henkil\u00f6tiedot siirret\u00e4\u00e4n.<\/p>\n<p class=\"\" data-start=\"4453\" data-end=\"4483\"><strong data-start=\"4453\" data-end=\"4483\">Suoramarkkinointiviestit:<\/strong><\/p>\n<p class=\"\" data-start=\"4485\" data-end=\"4746\">S\u00e4hk\u00f6postiosoitteita ja puhelinnumeroita k\u00e4ytet\u00e4\u00e4n suoramarkkinointiviestien l\u00e4hett\u00e4miseen, jos asiakas on antanut suostumuksensa. Jos asiakas ei halua vastaanottaa t\u00e4llaisia viestej\u00e4, h\u00e4n voi peruuttaa tilauksen s\u00e4hk\u00f6postin alaosassa olevan linkin kautta tai ottaa yhteytt\u00e4 asiakastukeen. <\/p>\n<p class=\"\" data-start=\"4748\" data-end=\"5106\">Jos henkil\u00f6tietoja k\u00e4sitell\u00e4\u00e4n suoramarkkinointitarkoituksiin (profilointi), asiakkaalla on oikeus milloin tahansa vastustaa sek\u00e4 alkuper\u00e4ist\u00e4 ett\u00e4 jatkuvaa henkil\u00f6tietojensa k\u00e4sittely\u00e4, mukaan lukien suoramarkkinointiin liittyv\u00e4 profilointi, ilmoittamalla asiakastuelle s\u00e4hk\u00f6postitse (t\u00e4m\u00e4 tieto on annettava selke\u00e4sti ja erill\u00e4\u00e4n muista tiedoista).<\/p>\n<p class=\"\" data-start=\"5108\" data-end=\"5131\"><strong data-start=\"5108\" data-end=\"5131\">Riitojen ratkaisu:<\/strong><\/p>\n<p class=\"\" data-start=\"5133\" data-end=\"5349\">Henkil\u00f6tietojen k\u00e4sittelyyn liittyv\u00e4t riidat ratkaistaan asiakastuen kautta (Inri R\u00e4sta, +372 5036996, <a rel=\"noopener\" data-start=\"5243\" data-end=\"5261\">baltics@beebad.com<\/a>). Valvontaviranomainen on Viron tietosuojavaltuutetun toimisto (<a rel=\"noopener\" data-start=\"5336\" data-end=\"5347\">info@aki.ee<\/a>). <\/p>\n<p class=\"\" data-start=\"5351\" data-end=\"5501\">Carotenoid O\u00dc on rekisterinpit\u00e4j\u00e4 ja siirt\u00e4\u00e4 maksunk\u00e4sittelyyn tarvittavat henkil\u00f6tiedot valtuutetulle k\u00e4sittelij\u00e4lle Montonio Finance O\u00dc:lle.<\/p>\t\t\t\t\t\t\t\t<\/div>\n\t\t\t\t<\/div>\n\t\t\t\t\t<\/div>\n\t\t\t\t<\/div>\n\t\t\t\t<\/div>\n\t\t","protected":false},"excerpt":{"rendered":"<p>Tietosuojak\u00e4yt\u00e4nt\u00f6 HENKIL\u00d6TIETOJEN K\u00c4SITTELY Verkkokaupan www.beebad.ee rekisterinpit\u00e4j\u00e4 on Carotenoid O\u00dc (rekisterikoodi 10810444), osoite: J\u00f5e\u00e4\u00e4re tee 22, Harjumaa, puhelin: +372 5036996, s\u00e4hk\u00f6posti: baltics@beebad.com. K\u00e4sitelt\u00e4v\u00e4t henkil\u00f6tiedot: \u2212 Nimi, puhelinnumero ja s\u00e4hk\u00f6postiosoite\u2212 Toimitusosoite\u2212 Pankkitilin numero\u2212 Ostoksiin ja maksuihin liittyv\u00e4t tiedot (ostohistoria)\u2212 Asiakastukitiedot Henkil\u00f6tietojen k\u00e4sittelyn tarkoitus: Henkil\u00f6tietoja k\u00e4ytet\u00e4\u00e4n asiakastilausten hallintaan ja tavaroiden toimittamiseen. Ostohistoriatietoja (ostop\u00e4iv\u00e4m\u00e4\u00e4r\u00e4, tuote, m\u00e4\u00e4r\u00e4, asiakastiedot) k\u00e4ytet\u00e4\u00e4n ostettujen [&hellip;]<\/p>\n","protected":false},"author":1,"featured_media":0,"parent":0,"menu_order":0,"comment_status":"closed","ping_status":"open","template":"","meta":{"footnotes":""},"class_list":["post-1543","page","type-page","status-publish","hentry"],"_links":{"self":[{"href":"https:\/\/beebad.ee\/fi\/wp-json\/wp\/v2\/pages\/1543","targetHints":{"allow":["GET"]}}],"collection":[{"href":"https:\/\/beebad.ee\/fi\/wp-json\/wp\/v2\/pages"}],"about":[{"href":"https:\/\/beebad.ee\/fi\/wp-json\/wp\/v2\/types\/page"}],"author":[{"embeddable":true,"href":"https:\/\/beebad.ee\/fi\/wp-json\/wp\/v2\/users\/1"}],"replies":[{"embeddable":true,"href":"https:\/\/beebad.ee\/fi\/wp-json\/wp\/v2\/comments?post=1543"}],"version-history":[{"count":1,"href":"https:\/\/beebad.ee\/fi\/wp-json\/wp\/v2\/pages\/1543\/revisions"}],"predecessor-version":[{"id":1544,"href":"https:\/\/beebad.ee\/fi\/wp-json\/wp\/v2\/pages\/1543\/revisions\/1544"}],"wp:attachment":[{"href":"https:\/\/beebad.ee\/fi\/wp-json\/wp\/v2\/media?parent=1543"}],"curies":[{"name":"wp","href":"https:\/\/api.w.org\/{rel}","templated":true}]}}