{"id":1560,"date":"2025-04-23T19:22:49","date_gmt":"2025-04-23T19:22:49","guid":{"rendered":"https:\/\/beebad.ee\/myyntiehdot\/"},"modified":"2026-03-04T12:27:54","modified_gmt":"2026-03-04T12:27:54","slug":"myyntiehdot","status":"publish","type":"page","link":"https:\/\/beebad.ee\/fi\/myyntiehdot\/","title":{"rendered":"Myyntiehdot"},"content":{"rendered":"\t\t<div data-elementor-type=\"wp-page\" data-elementor-id=\"1560\" class=\"elementor elementor-1560 elementor-708\" data-elementor-post-type=\"page\">\n\t\t\t\t<div class=\"elementor-element elementor-element-9fe5f96 e-flex e-con-boxed e-con e-parent\" data-id=\"9fe5f96\" data-element_type=\"container\" data-e-type=\"container\">\n\t\t\t\t\t<div class=\"e-con-inner\">\n\t\t\t\t<div class=\"elementor-element elementor-element-e9dc3ee elementor-widget elementor-widget-heading\" data-id=\"e9dc3ee\" data-element_type=\"widget\" data-e-type=\"widget\" data-widget_type=\"heading.default\">\n\t\t\t\t<div class=\"elementor-widget-container\">\n\t\t\t\t\t<h2 class=\"elementor-heading-title elementor-size-default\">myyntiehdot<\/h2>\t\t\t\t<\/div>\n\t\t\t\t<\/div>\n\t\t\t\t<div class=\"elementor-element elementor-element-f3056e0 elementor-widget elementor-widget-text-editor\" data-id=\"f3056e0\" data-element_type=\"widget\" data-e-type=\"widget\" data-widget_type=\"text-editor.default\">\n\t\t\t\t<div class=\"elementor-widget-container\">\n\t\t\t\t\t\t\t\t\t<p data-start=\"386\" data-end=\"452\">Verkkokaupan beebad.ee\/pood (j\u00e4ljemp\u00e4n\u00e4 Verkkokauppa) omistaja on Carotenoid O\u00dc (rekisterikoodi 10810444, osoite: J\u00f5e\u00e4\u00e4re tee 22, Loo alevik, J\u00f5el\u00e4htme vald, Harjumaa 74201).<\/p><h3 class=\"\" data-start=\"386\" data-end=\"452\">Myyntisopimuksen voimassaolo, tuote- ja hintatiedot<\/h3><p class=\"\" data-start=\"454\" data-end=\"524\">N\u00e4it\u00e4 myyntiehtoja sovelletaan tavaroiden ostamiseen Verkkokaupasta.<\/p><p class=\"\" data-start=\"526\" data-end=\"658\">Verkkokaupassa myyt\u00e4vien tuotteiden hinnat on ilmoitettu tuotteiden yhteydess\u00e4. Toimituskulut lis\u00e4t\u00e4\u00e4n hintaan. <\/p><p class=\"\" data-start=\"660\" data-end=\"813\">Toimituskulut riippuvat ostajan sijainnista ja valitusta toimitustavasta. Toimituskustannukset n\u00e4ytet\u00e4\u00e4n ostajalle kassalla. <\/p><p class=\"\" data-start=\"815\" data-end=\"896\">Tuotetiedot on esitetty suoraan tuotteen yhteydess\u00e4 Verkkokaupassa.<\/p><h3 class=\"\" data-start=\"898\" data-end=\"918\">Tilauksen tekeminen<\/h3><p class=\"\" data-start=\"920\" data-end=\"1212\">Tavaroiden tilaamiseksi halutut tuotteet on lis\u00e4tt\u00e4v\u00e4 ostoskoriin. Tilauksen viimeistelemiseksi vaaditut tietokent\u00e4t on t\u00e4ytett\u00e4v\u00e4 ja sopiva toimitusmenetelm\u00e4 valittava. T\u00e4m\u00e4n j\u00e4lkeen maksettava kokonaissumma n\u00e4ytet\u00e4\u00e4n n\u00e4yt\u00f6ll\u00e4 ja se voidaan maksaa pankkilinkin tai muiden maksutapojen kautta.  <\/p><p class=\"\" data-start=\"1214\" data-end=\"1323\">Sopimus tulee voimaan siit\u00e4 hetkest\u00e4, kun maksettava summa on vastaanotettu Verkkokaupan pankkitilille.<\/p><p class=\"\" data-start=\"1325\" data-end=\"1673\">Jos tilattujen tavaroiden toimittaminen ei ole mahdollista varaston loppumisen tai muun syyn vuoksi, ostajalle ilmoitetaan asiasta mahdollisimman pian ja maksettu summa (toimituskulut mukaan lukien) palautetaan, yleens\u00e4 1\u20132 ty\u00f6p\u00e4iv\u00e4n kuluessa. Maksutavasta riippuen hyvityksen n\u00e4kymiseen voi kulua jopa 7 ty\u00f6p\u00e4iv\u00e4\u00e4. <\/p><h3 class=\"\" data-start=\"1675\" data-end=\"1687\">Toimitus<\/h3><p class=\"\" data-start=\"1689\" data-end=\"1739\">Tavarat toimitetaan Viron alueella.<\/p><p class=\"\" data-start=\"1741\" data-end=\"1832\">Ostaja vastaa toimituskuluista, jotka n\u00e4ytet\u00e4\u00e4n valitun toimitusmenetelm\u00e4n yhteydess\u00e4.<\/p><p class=\"\" data-start=\"1834\" data-end=\"2094\">Toimitukset Virossa saapuvat yleens\u00e4 ostajan m\u00e4\u00e4ritt\u00e4m\u00e4\u00e4n kohteeseen 3\u20137 ty\u00f6p\u00e4iv\u00e4n kuluessa myyntisopimuksen voimaantulop\u00e4iv\u00e4st\u00e4. Poikkeustapauksissa Verkkokaupalla on oikeus toimittaa tavarat jopa 30 kalenterip\u00e4iv\u00e4n kuluessa. <\/p><p class=\"\" data-start=\"2096\" data-end=\"2300\">Jos Verkkokauppa on ilmoittanut ostajalle verkkosivustolla tai tilausvahvistuksessa toimitusongelmista ja yli 30 kalenterip\u00e4iv\u00e4n toimitusajasta, Verkkokaupan ilmoittama aika on voimassa.<\/p><h3 class=\"\" data-start=\"2302\" data-end=\"2325\">Peruuttamisoikeus<\/h3><p class=\"\" data-start=\"2327\" data-end=\"2525\">Tilauksen vastaanotettuaan ostajalla on oikeus peruuttaa Verkkokaupan kautta tehty sopimus 14 p\u00e4iv\u00e4n kuluessa. Peruuttamisoikeus ei koske ostajia, jotka ovat oikeushenkil\u00f6it\u00e4. <\/p><p class=\"\" data-start=\"2527\" data-end=\"2739\">14 p\u00e4iv\u00e4n palautusoikeuden k\u00e4ytt\u00e4miseksi tilattuja tavaroita saa k\u00e4ytt\u00e4\u00e4 vain tavalla, joka on tarpeen tavaroiden luonteen, ominaisuuksien ja toimivuuden selvitt\u00e4miseksi, kuten fyysisess\u00e4 kaupassa testaamiseen olisi sallittua.<\/p><p class=\"\" data-start=\"2741\" data-end=\"3020\">Jos tavaroita on k\u00e4ytetty muuhun kuin niiden luonteen, ominaisuuksien ja toimivuuden selvitt\u00e4miseen tarvittavaan tarkoitukseen, tai jos tavaroissa on k\u00e4yt\u00f6n tai kulumisen merkkej\u00e4, Verkkokaupalla on oikeus v\u00e4hent\u00e4\u00e4 palautettavaa summaa tavaroiden alentuneen arvon mukaisesti.<\/p><p class=\"\" data-start=\"3022\" data-end=\"3161\">Tavaroiden palauttamiseksi on toimitettava vapaamuotoinen peruuttamisilmoitus ja l\u00e4hetett\u00e4v\u00e4 se s\u00e4hk\u00f6postiosoitteeseen 14 p\u00e4iv\u00e4n kuluessa tavaroiden vastaanottamisesta.<\/p><p class=\"\" data-start=\"3163\" data-end=\"3320\">Tavaroiden palautuskulut ovat ostajan vastuulla, ellei palautuksen syyn\u00e4 ole se, ett\u00e4 tavarat eiv\u00e4t vastaa tilausta (esim. v\u00e4\u00e4r\u00e4 tai viallinen tuote).<\/p><p class=\"\" data-start=\"3322\" data-end=\"3508\">Ostajan on palautettava tavarat 14 p\u00e4iv\u00e4n kuluessa peruuttamisilmoituksen toimittamisesta tai toimitettava todiste siit\u00e4, ett\u00e4 tavarat on luovutettu kuljetusyritykselle mainitussa ajassa.<\/p><p class=\"\" data-start=\"3510\" data-end=\"3714\">Palautettujen tavaroiden vastaanotettuaan Verkkokauppa palauttaa viipym\u00e4tt\u00e4, mutta viimeist\u00e4\u00e4n 14 p\u00e4iv\u00e4n kuluessa peruuttamisilmoituksen vastaanottamisesta, kaikki ostajalta sopimuksen perusteella vastaanotetut maksut.<\/p><p class=\"\" data-start=\"3716\" data-end=\"3925\">Verkkokauppa voi pid\u00e4tt\u00e4\u00e4 hyvityksen, kunnes sopimuksen kohteena olevat tavarat on vastaanotettu tai kunnes ostaja on toimittanut todisteen tavaroiden palauttamisesta, sen mukaan kumpi tapahtuu ensin.<\/p><p class=\"\" data-start=\"3927\" data-end=\"4152\">Jos ostaja on nimenomaisesti valinnut muun kuin Verkkokaupan tarjoaman halvimman tavanomaisen toimitustavan, Verkkokauppa ei ole velvollinen korvaamaan tavanomaisen toimituksen kustannukset ylitt\u00e4v\u00e4\u00e4 osuutta.<\/p><p class=\"\" data-start=\"4154\" data-end=\"4349\">Verkkokaupalla on oikeus vet\u00e4yty\u00e4 myyntitapahtumasta ja vaatia tavaroiden palauttamista, jos tuotteen hinta Verkkokaupassa oli virheen vuoksi huomattavasti markkinahintaa alhaisempi.<\/p><h3 class=\"\" data-start=\"4351\" data-end=\"4381\">Oikeus tehd\u00e4 valituksia<\/h3><p class=\"\" data-start=\"4383\" data-end=\"4740\">Verkkokauppa on vastuussa ostajalle myytyjen tavaroiden toimitushetkell\u00e4 olemassa olleesta virheellisyydest\u00e4 tai puutteista, jotka ilmenev\u00e4t kahden vuoden kuluessa toimituksesta. Ensimm\u00e4isen vuoden aikana toimituksesta oletetaan, ett\u00e4 vika oli olemassa toimitushetkell\u00e4. Verkkokaupan vastuulla on todistaa muuta.  <\/p><p class=\"\" data-start=\"4742\" data-end=\"4905\">Ostajan on ilmoitettava Verkkokaupalle mahdollisista puutteista kahden kuukauden kuluessa ongelman havaitsemisesta l\u00e4hett\u00e4m\u00e4ll\u00e4 s\u00e4hk\u00f6postia osoitteeseen <a rel=\"noopener\" data-start=\"4862\" data-end=\"4880\">baltics@beebad.com<\/a> tai soittamalla numeroon +372 5036996.<\/p><p class=\"\" data-start=\"4907\" data-end=\"5123\">Verkkokauppa ei ole vastuussa puutteista, jotka ovat syntyneet tavaroiden toimituksen j\u00e4lkeen kuluttajan toimien tai laiminly\u00f6nnin seurauksena (esim. virheellinen k\u00e4ytt\u00f6, onnettomuus jne.) tai tavanomaisen k\u00e4yt\u00f6n aiheuttaman normaalin kulumisen vuoksi.<\/p><p class=\"\" data-start=\"5125\" data-end=\"5409\">Jos Verkkokaupasta ostetussa tuotteessa on puutteita, joista Verkkokauppa on vastuussa, Verkkokauppa korjaa tai korvaa viallisen tuotteen. Jos tuotetta ei voida korjata tai korvata, Verkkokauppa palauttaa kaikki myyntisopimukseen liittyv\u00e4t kustannukset. <\/p><p class=\"\" data-start=\"5411\" data-end=\"5543\">Verkkokauppa vastaa kuluttajan valitukseen kirjallisesti tai kirjallisen toistamisen mahdollistavassa muodossa 15 p\u00e4iv\u00e4n kuluessa.<\/p><h3 class=\"\" data-start=\"5545\" data-end=\"5567\">Riitojen ratkaisu<\/h3><p class=\"\" data-start=\"5569\" data-end=\"5713\">Jos ostajalla on valituksia Verkkokauppaa koskien, ne tulee toimittaa s\u00e4hk\u00f6postitse osoitteeseen <a rel=\"noopener\" data-start=\"5667\" data-end=\"5685\">baltics@beebad.com<\/a> tai soittamalla numeroon +372 5036996.<\/p><p class=\"\" data-start=\"5715\" data-end=\"6130\">Jos ostaja ja Verkkokauppa eiv\u00e4t pysty ratkaisemaan riitaa sopimuksella, ostaja voi ottaa yhteytt\u00e4 Kuluttajariitojen lautakuntaan. Menettelyehdot ja hakemus l\u00f6ytyv\u00e4t osoitteesta <a class=\"\" href=\"http:\/\/www.tarbijakaitseamet.ee\" target=\"_new\" rel=\"noopener\" data-start=\"5913\" data-end=\"5937\">www.tarbijakaitseamet.ee<\/a>. Kuluttajariitojen lautakunta on valtuutettu ratkaisemaan ostajien ja Verkkokaupan v\u00e4lisist\u00e4 sopimuksista johtuvat riidat. Ostajan valituksen k\u00e4sittely lautakunnassa on maksutonta.   <\/p><p class=\"\" data-start=\"6132\" data-end=\"6211\">Ostaja voi my\u00f6s k\u00e4ytt\u00e4\u00e4 Euroopan unionin verkkov\u00e4litteist\u00e4 riidanratkaisualustaa.<br> <br> <br> <br> <br> <br><\/p>\t\t\t\t\t\t\t\t<\/div>\n\t\t\t\t<\/div>\n\t\t\t\t\t<\/div>\n\t\t\t\t<\/div>\n\t\t\t\t<\/div>\n\t\t","protected":false},"excerpt":{"rendered":"<p>myyntiehdot Verkkokaupan beebad.ee\/pood (j\u00e4ljemp\u00e4n\u00e4 Verkkokauppa) omistaja on Carotenoid O\u00dc (rekisterikoodi 10810444, osoite: J\u00f5e\u00e4\u00e4re tee 22, Loo alevik, J\u00f5el\u00e4htme vald, Harjumaa 74201). Myyntisopimuksen voimassaolo, tuote- ja hintatiedot N\u00e4it\u00e4 myyntiehtoja sovelletaan tavaroiden ostamiseen Verkkokaupasta. Verkkokaupassa myyt\u00e4vien tuotteiden hinnat on ilmoitettu tuotteiden yhteydess\u00e4. Toimituskulut lis\u00e4t\u00e4\u00e4n hintaan. Toimituskulut riippuvat ostajan sijainnista ja valitusta toimitustavasta. Toimituskustannukset n\u00e4ytet\u00e4\u00e4n ostajalle kassalla. Tuotetiedot [&hellip;]<\/p>\n","protected":false},"author":1,"featured_media":0,"parent":0,"menu_order":0,"comment_status":"closed","ping_status":"closed","template":"","meta":{"footnotes":""},"class_list":["post-1560","page","type-page","status-publish","hentry"],"_links":{"self":[{"href":"https:\/\/beebad.ee\/fi\/wp-json\/wp\/v2\/pages\/1560","targetHints":{"allow":["GET"]}}],"collection":[{"href":"https:\/\/beebad.ee\/fi\/wp-json\/wp\/v2\/pages"}],"about":[{"href":"https:\/\/beebad.ee\/fi\/wp-json\/wp\/v2\/types\/page"}],"author":[{"embeddable":true,"href":"https:\/\/beebad.ee\/fi\/wp-json\/wp\/v2\/users\/1"}],"replies":[{"embeddable":true,"href":"https:\/\/beebad.ee\/fi\/wp-json\/wp\/v2\/comments?post=1560"}],"version-history":[{"count":1,"href":"https:\/\/beebad.ee\/fi\/wp-json\/wp\/v2\/pages\/1560\/revisions"}],"predecessor-version":[{"id":1561,"href":"https:\/\/beebad.ee\/fi\/wp-json\/wp\/v2\/pages\/1560\/revisions\/1561"}],"wp:attachment":[{"href":"https:\/\/beebad.ee\/fi\/wp-json\/wp\/v2\/media?parent=1560"}],"curies":[{"name":"wp","href":"https:\/\/api.w.org\/{rel}","templated":true}]}}