{"id":1565,"date":"2025-06-16T19:53:42","date_gmt":"2025-06-16T19:53:42","guid":{"rendered":"https:\/\/beebad.ee\/kiitos\/"},"modified":"2026-03-05T12:06:46","modified_gmt":"2026-03-05T12:06:46","slug":"kiitos","status":"publish","type":"page","link":"https:\/\/beebad.ee\/fi\/kiitos\/","title":{"rendered":"Kiitos"},"content":{"rendered":"\t\t<div data-elementor-type=\"wp-page\" data-elementor-id=\"1565\" class=\"elementor elementor-1565 elementor-1095\" data-elementor-post-type=\"page\">\n\t\t\t\t<div class=\"elementor-element elementor-element-60ae2077 e-flex e-con-boxed e-con e-parent\" data-id=\"60ae2077\" data-element_type=\"container\" data-e-type=\"container\" data-settings=\"{&quot;background_background&quot;:&quot;classic&quot;}\">\n\t\t\t\t\t<div class=\"e-con-inner\">\n\t\t<div class=\"elementor-element elementor-element-f7e2a47 e-con-full e-flex e-con e-child\" data-id=\"f7e2a47\" data-element_type=\"container\" data-e-type=\"container\">\n\t\t\t\t<div class=\"elementor-element elementor-element-49bc50e4 elementor-invisible elementor-widget elementor-widget-heading\" data-id=\"49bc50e4\" data-element_type=\"widget\" data-e-type=\"widget\" data-settings=\"{&quot;_animation&quot;:&quot;fadeIn&quot;}\" data-widget_type=\"heading.default\">\n\t\t\t\t<div class=\"elementor-widget-container\">\n\t\t\t\t\t<h2 class=\"elementor-heading-title elementor-size-default\">Tervetuloa mehil\u00e4ispes\u00e4\u00e4n! \ud83d\udc1d<\/h2>\t\t\t\t<\/div>\n\t\t\t\t<\/div>\n\t\t\t\t<div class=\"elementor-element elementor-element-59c024d2 elementor-widget elementor-widget-text-editor\" data-id=\"59c024d2\" data-element_type=\"widget\" data-e-type=\"widget\" data-widget_type=\"text-editor.default\">\n\t\t\t\t<div class=\"elementor-widget-container\">\n\t\t\t\t\t\t\t\t\t<p data-start=\"286\" data-end=\"384\">Kiitos ilmoittautumisesta \u2013 olet nyt virallisesti osa Beebad-porukkaa.<\/p><p data-start=\"386\" data-end=\"441\">T\u00e4ss\u00e4 palkkiosi:<br data-start=\"405\" data-end=\"408\"><strong data-start=\"408\" data-end=\"418\">5 \u20ac ALE<\/strong> koodilla <strong data-start=\"429\" data-end=\"441\">WELCOME5<\/strong><\/p><p data-start=\"443\" data-end=\"537\">Tankkaa energiaa, jatka vauhdilla ja pysy vire\u00e4n\u00e4.<br data-start=\"479\" data-end=\"482\">Hienoja juttuja (ja eksklusiivisia tarjouksia) on tulossa.<\/p>\t\t\t\t\t\t\t\t<\/div>\n\t\t\t\t<\/div>\n\t\t\t\t<\/div>\n\t\t<div class=\"elementor-element elementor-element-6b26bb24 e-con-full e-flex e-con e-child\" data-id=\"6b26bb24\" data-element_type=\"container\" data-e-type=\"container\">\n\t\t\t\t<div class=\"elementor-element elementor-element-1edc6c70 elementor-widget elementor-widget-image\" data-id=\"1edc6c70\" data-element_type=\"widget\" data-e-type=\"widget\" data-widget_type=\"image.default\">\n\t\t\t\t<div class=\"elementor-widget-container\">\n\t\t\t\t\t\t\t\t\t\t\t\t\t\t\t<img fetchpriority=\"high\" decoding=\"async\" width=\"800\" height=\"967\" src=\"https:\/\/beebad.ee\/wp-content\/uploads\/2025\/03\/BEEBAD-ENERGY-DRINK-847x1024.png\" class=\"attachment-large size-large wp-image-1490\" alt=\"\" srcset=\"https:\/\/beebad.ee\/wp-content\/uploads\/2025\/03\/BEEBAD-ENERGY-DRINK-847x1024.png 847w, https:\/\/beebad.ee\/wp-content\/uploads\/2025\/03\/BEEBAD-ENERGY-DRINK-500x604.png 500w, https:\/\/beebad.ee\/wp-content\/uploads\/2025\/03\/BEEBAD-ENERGY-DRINK-248x300.png 248w, https:\/\/beebad.ee\/wp-content\/uploads\/2025\/03\/BEEBAD-ENERGY-DRINK-768x928.png 768w, https:\/\/beebad.ee\/wp-content\/uploads\/2025\/03\/BEEBAD-ENERGY-DRINK.png 900w\" sizes=\"(max-width: 800px) 100vw, 800px\" \/>\t\t\t\t\t\t\t\t\t\t\t\t\t\t\t<\/div>\n\t\t\t\t<\/div>\n\t\t\t\t<\/div>\n\t\t\t\t\t<\/div>\n\t\t\t\t<\/div>\n\t\t\t\t<\/div>\n\t\t","protected":false},"excerpt":{"rendered":"<p>Tervetuloa mehil\u00e4ispes\u00e4\u00e4n! \ud83d\udc1d Kiitos ilmoittautumisesta \u2013 olet nyt virallisesti osa Beebad-porukkaa. T\u00e4ss\u00e4 palkkiosi:5 \u20ac ALE koodilla WELCOME5 Tankkaa energiaa, jatka vauhdilla ja pysy vire\u00e4n\u00e4.Hienoja juttuja (ja eksklusiivisia tarjouksia) on tulossa.<\/p>\n","protected":false},"author":1,"featured_media":0,"parent":0,"menu_order":0,"comment_status":"closed","ping_status":"closed","template":"","meta":{"footnotes":""},"class_list":["post-1565","page","type-page","status-publish","hentry"],"_links":{"self":[{"href":"https:\/\/beebad.ee\/fi\/wp-json\/wp\/v2\/pages\/1565","targetHints":{"allow":["GET"]}}],"collection":[{"href":"https:\/\/beebad.ee\/fi\/wp-json\/wp\/v2\/pages"}],"about":[{"href":"https:\/\/beebad.ee\/fi\/wp-json\/wp\/v2\/types\/page"}],"author":[{"embeddable":true,"href":"https:\/\/beebad.ee\/fi\/wp-json\/wp\/v2\/users\/1"}],"replies":[{"embeddable":true,"href":"https:\/\/beebad.ee\/fi\/wp-json\/wp\/v2\/comments?post=1565"}],"version-history":[{"count":1,"href":"https:\/\/beebad.ee\/fi\/wp-json\/wp\/v2\/pages\/1565\/revisions"}],"predecessor-version":[{"id":1566,"href":"https:\/\/beebad.ee\/fi\/wp-json\/wp\/v2\/pages\/1565\/revisions\/1566"}],"wp:attachment":[{"href":"https:\/\/beebad.ee\/fi\/wp-json\/wp\/v2\/media?parent=1565"}],"curies":[{"name":"wp","href":"https:\/\/api.w.org\/{rel}","templated":true}]}}