{"id":1575,"date":"2025-10-03T20:13:46","date_gmt":"2025-10-03T20:13:46","guid":{"rendered":"https:\/\/beebad.ee\/product\/cisk-excel-low-carb-lager-beer-42-abv-24x33cl\/"},"modified":"2025-10-03T20:13:46","modified_gmt":"2025-10-03T20:13:46","slug":"cisk-excel-low-carb-lager-beer-42-abv-24x33cl","status":"publish","type":"product","link":"https:\/\/beebad.ee\/fi\/tuote\/cisk-excel-low-carb-lager-beer-42-abv-24x33cl\/","title":{"rendered":"CISK Excel Low-Carb Lager Beer 4,2% ABV 24x33CL"},"content":{"rendered":"<p>Cisk Excel Low-Carb Lager s\u00e4ilytt\u00e4\u00e4 sek\u00e4 alkuper\u00e4isen Cisk Lagerin maun ett\u00e4 saman alkoholipitoisuuden, mutta sis\u00e4lt\u00e4\u00e4 50% v\u00e4hemm\u00e4n hiilihydraatteja. Cisk Excel on herkk\u00e4 alak\u00e4ymismenetelm\u00e4ll\u00e4 valmistettu olut, jolla on kirkas, kultainen ulkon\u00e4k\u00f6. <\/p>\n<div>\n<div class=\"text-14\"><strong>TUOTETIEDOT:<\/strong><\/div>\n<div class=\"text-20\">Tyyppi: Low-Carb Lager<\/div>\n<div>PLATO: 8.4<\/div>\n<div>ABV: 4,2%<\/div>\n<div>IBU: 18<\/div>\n<\/div>\n<div class=\"text-14\"><strong>AINESOSAT:<\/strong><\/div>\n<div class=\"text-20\">Vesi, mallasohrat, humala, hiiva.<\/div>\n<div><strong>ALLERGEENIT:<\/strong><\/div>\n<div>Ohra<\/div>\n<div><strong>RAVINTOARVOT 100ml:<\/strong><\/div>\n<div>\n<div class=\"nutrition-item\">\n<div class=\"text-16\">Energia: 123 kJ, 29 kcal<\/div>\n<\/div>\n<div class=\"nutrition-item\">\n<div class=\"text-16\">Proteiini: 0,4 g<\/div>\n<\/div>\n<div class=\"nutrition-item\">\n<div class=\"text-16\">Hiilihydraatit: 1,5 g josta sokereita 0,7 g<\/div>\n<\/div>\n<div class=\"nutrition-item\">\n<div class=\"text-16\">Rasva: 0,0 g josta tyydyttyneit\u00e4 rasvoja 0,0 g<\/div>\n<\/div>\n<div class=\"nutrition-item\">\n<div class=\"text-16\">Suola: 0,01 g<\/div>\n<\/div>\n<\/div>\n","protected":false},"excerpt":{"rendered":"<p>Cisk Excel Low-Carb Lager s\u00e4ilytt\u00e4\u00e4 sek\u00e4 alkuper\u00e4isen Cisk Lagerin maun ett\u00e4 saman alkoholipitoisuuden, mutta sis\u00e4lt\u00e4\u00e4 50% v\u00e4hemm\u00e4n hiilihydraatteja. Cisk Excel on herkk\u00e4 alak\u00e4ymismenetelm\u00e4ll\u00e4 valmistettu olut, jolla on kirkas, kultainen ulkon\u00e4k\u00f6. TUOTETIEDOT: Tyyppi: Low-Carb Lager PLATO: 8.4 ABV: 4,2% IBU: 18 AINESOSAT: Vesi, mallasohrat, humala, hiiva. ALLERGEENIT: Ohra RAVINTOARVOT 100ml: Energia: 123 kJ, 29 kcal Proteiini: [&hellip;]<\/p>\n","protected":false},"featured_media":1574,"comment_status":"open","ping_status":"closed","template":"","meta":[],"product_brand":[],"product_cat":[68],"product_tag":[],"class_list":{"0":"post-1575","1":"product","2":"type-product","3":"status-publish","4":"has-post-thumbnail","6":"product_cat-cisk","8":"first","9":"instock","10":"taxable","11":"shipping-taxable","12":"purchasable","13":"product-type-simple"},"_links":{"self":[{"href":"https:\/\/beebad.ee\/fi\/wp-json\/wp\/v2\/product\/1575","targetHints":{"allow":["GET"]}}],"collection":[{"href":"https:\/\/beebad.ee\/fi\/wp-json\/wp\/v2\/product"}],"about":[{"href":"https:\/\/beebad.ee\/fi\/wp-json\/wp\/v2\/types\/product"}],"replies":[{"embeddable":true,"href":"https:\/\/beebad.ee\/fi\/wp-json\/wp\/v2\/comments?post=1575"}],"wp:featuredmedia":[{"embeddable":true,"href":"https:\/\/beebad.ee\/fi\/wp-json\/wp\/v2\/media\/1574"}],"wp:attachment":[{"href":"https:\/\/beebad.ee\/fi\/wp-json\/wp\/v2\/media?parent=1575"}],"wp:term":[{"taxonomy":"product_brand","embeddable":true,"href":"https:\/\/beebad.ee\/fi\/wp-json\/wp\/v2\/product_brand?post=1575"},{"taxonomy":"product_cat","embeddable":true,"href":"https:\/\/beebad.ee\/fi\/wp-json\/wp\/v2\/product_cat?post=1575"},{"taxonomy":"product_tag","embeddable":true,"href":"https:\/\/beebad.ee\/fi\/wp-json\/wp\/v2\/product_tag?post=1575"}],"curies":[{"name":"wp","href":"https:\/\/api.w.org\/{rel}","templated":true}]}}