{"id":1578,"date":"2025-07-21T14:12:24","date_gmt":"2025-07-21T14:12:24","guid":{"rendered":"https:\/\/beebad.ee\/product\/cisk-lager-olut-42-abv-24x33cl\/"},"modified":"2026-03-06T14:40:38","modified_gmt":"2026-03-06T14:40:38","slug":"cisk-lager-olut-42-abv-24x33cl","status":"publish","type":"product","link":"https:\/\/beebad.ee\/fi\/tuote\/cisk-lager-olut-42-abv-24x33cl\/","title":{"rendered":"CISK LAGER BEER 4,2 % ABV 24x33CL"},"content":{"rendered":"<p data-start=\"193\" data-end=\"327\">Cisk Lager on aidosti ikoninen V\u00e4limeren olut, joka on helposti tunnistettavissa kullanv\u00e4risest\u00e4 s\u00e4vyst\u00e4\u00e4n ja raikkaasta, tasapainoisesta maustaan.<\/p>\n<p data-start=\"329\" data-end=\"463\">Baijerilaiseen perinteeseen nojaten valmistetulla Ciskill\u00e4 on ylpe\u00e4 97 vuoden perint\u00f6, ja se tunnetaan runsaasta humalaaromistaan ja ainutlaatuisen pehme\u00e4st\u00e4 maustaan.<\/p>\n<p data-start=\"465\" data-end=\"605\">4,2 %:n alkoholipitoisuudellaan se on klassinen lager-tyyli, joka vetoaa suurimpaan osaan olutjuojista lager-valtaisilla markkinoilla ymp\u00e4ri maailmaa.<\/p>\n<p data-start=\"607\" data-end=\"730\">Cisk Lager on saavuttanut maailmanlaajuista tunnustusta voittaen lukuisia kansainv\u00e4lisi\u00e4 laatupalkintoja \u2013 todiste sen johdonmukaisesta erinomaisuudesta.<\/p>\n<p data-start=\"732\" data-end=\"813\">Kaikkein t\u00e4rkeint\u00e4 on, ett\u00e4 Cisk on <em data-start=\"758\" data-end=\"763\">se<\/em> maltalainen olut. Mik\u00e4\u00e4n muu br\u00e4ndi ei voi v\u00e4itt\u00e4\u00e4 samaa. <\/p>\n<div class=\"ingredients-wrapper\">\n<div class=\"text-14\"><strong>AINESOSAT:<\/strong><\/div>\n<div class=\"text-20\">Vesi, mallasohra, mallastamaton vilja, humala, hiiva.<\/div>\n<\/div>\n<div class=\"ingredients-wrapper\">\n<div class=\"text-14\"><strong>ALLERGEENIT:<\/strong><\/div>\n<div class=\"text-20\">Ohra<\/div>\n<div><strong>TUOTETIEDOT:<\/strong><\/div>\n<div>ABV: 4,2%<\/div>\n<div>PLATO: 10,5<\/div>\n<div>IBU: 26<\/div>\n<div>\n<div><strong>RAVINTOARVOT 100ml:<\/strong><\/div>\n<div>\n<div class=\"nutrition-item\">\n<div class=\"text-16\">Energia: 152 kJ, 36 kcal<\/div>\n<\/div>\n<div class=\"nutrition-item\">\n<div class=\"text-16\">Proteiini: 0,3 g<\/div>\n<\/div>\n<div class=\"nutrition-item\">\n<div class=\"text-16\">Hiilihydraatit: 2,4 g, josta sokereita 0,0 g<\/div>\n<\/div>\n<div class=\"nutrition-item\">\n<div class=\"text-16\">Rasva: 0,0 g josta tyydyttyneit\u00e4 rasvoja 0,0 g<\/div>\n<\/div>\n<div class=\"nutrition-item\">\n<div class=\"text-16\">Suola: 0,01 g<\/div>\n<\/div>\n<\/div>\n<\/div>\n<\/div>\n","protected":false},"excerpt":{"rendered":"<p data-start=\"193\" data-end=\"327\">Cisk on aidosti ikoninen V\u00e4limeren lager, joka on helposti tunnistettavissa kullanv\u00e4risest\u00e4 s\u00e4vyst\u00e4\u00e4n ja raikkaasta, tasapainoisesta maustaan.<\/p>\n<p data-start=\"329\" data-end=\"463\">Baijerilaiseen perinteeseen nojaten valmistetulla Ciskill\u00e4 on ylpe\u00e4 97 vuoden perint\u00f6, ja se tunnetaan runsaasta humalaaromistaan ja ainutlaatuisen pehme\u00e4st\u00e4 maustaan.<\/p>\n<p data-start=\"465\" data-end=\"605\">4,2 %:n alkoholipitoisuudellaan se on klassinen lager-tyyli, joka vetoaa suurimpaan osaan olutjuojista lager-valtaisilla markkinoilla ymp\u00e4ri maailmaa.<\/p>\n<p data-start=\"607\" data-end=\"730\">Cisk on saavuttanut maailmanlaajuista tunnustusta voittaen lukuisia kansainv\u00e4lisi\u00e4 laatupalkintoja \u2013 todiste sen johdonmukaisesta erinomaisuudesta.<\/p>\n<p data-start=\"732\" data-end=\"813\">Kaikkein t\u00e4rkeint\u00e4 on, ett\u00e4 Cisk on <em data-start=\"758\" data-end=\"763\">se<\/em> maltalainen olut. Mik\u00e4\u00e4n muu br\u00e4ndi ei voi v\u00e4itt\u00e4\u00e4 samaa. <\/p>\n","protected":false},"featured_media":1577,"comment_status":"open","ping_status":"closed","template":"","meta":[],"product_brand":[],"product_cat":[68],"product_tag":[],"class_list":{"0":"post-1578","1":"product","2":"type-product","3":"status-publish","4":"has-post-thumbnail","6":"product_cat-cisk","8":"first","9":"instock","10":"taxable","11":"shipping-taxable","12":"purchasable","13":"product-type-simple"},"_links":{"self":[{"href":"https:\/\/beebad.ee\/fi\/wp-json\/wp\/v2\/product\/1578","targetHints":{"allow":["GET"]}}],"collection":[{"href":"https:\/\/beebad.ee\/fi\/wp-json\/wp\/v2\/product"}],"about":[{"href":"https:\/\/beebad.ee\/fi\/wp-json\/wp\/v2\/types\/product"}],"replies":[{"embeddable":true,"href":"https:\/\/beebad.ee\/fi\/wp-json\/wp\/v2\/comments?post=1578"}],"wp:featuredmedia":[{"embeddable":true,"href":"https:\/\/beebad.ee\/fi\/wp-json\/wp\/v2\/media\/1577"}],"wp:attachment":[{"href":"https:\/\/beebad.ee\/fi\/wp-json\/wp\/v2\/media?parent=1578"}],"wp:term":[{"taxonomy":"product_brand","embeddable":true,"href":"https:\/\/beebad.ee\/fi\/wp-json\/wp\/v2\/product_brand?post=1578"},{"taxonomy":"product_cat","embeddable":true,"href":"https:\/\/beebad.ee\/fi\/wp-json\/wp\/v2\/product_cat?post=1578"},{"taxonomy":"product_tag","embeddable":true,"href":"https:\/\/beebad.ee\/fi\/wp-json\/wp\/v2\/product_tag?post=1578"}],"curies":[{"name":"wp","href":"https:\/\/api.w.org\/{rel}","templated":true}]}}